{"id":3714,"date":"2020-06-22T19:59:48","date_gmt":"2020-06-22T16:59:48","guid":{"rendered":"http:\/\/tanqfactory.com\/ik\/"},"modified":"2021-11-21T12:12:40","modified_gmt":"2021-11-21T09:12:40","slug":"hr","status":"publish","type":"page","link":"https:\/\/tanqfactory.com\/es\/hr\/","title":{"rendered":"HR"},"content":{"rendered":"<div class=\"fusion-fullwidth fullwidth-box fusion-builder-row-1 fusion-flex-container nonhundred-percent-fullwidth non-hundred-percent-height-scrolling\" style=\"--awb-border-radius-top-left:0px;--awb-border-radius-top-right:0px;--awb-border-radius-bottom-right:0px;--awb-border-radius-bottom-left:0px;--awb-padding-top:5%;--awb-padding-bottom:3%;--awb-padding-top-medium:52px;--awb-padding-bottom-medium:32px;--awb-padding-top-small:40px;--awb-padding-bottom-small:24px;--awb-flex-wrap:wrap;\" ><div class=\"fusion-builder-row fusion-row fusion-flex-align-items-center fusion-flex-justify-content-center fusion-flex-content-wrap\" style=\"max-width:1372.8px;margin-left: calc(-4% \/ 2 );margin-right: calc(-4% \/ 2 );\"><div class=\"fusion-layout-column fusion_builder_column fusion-builder-column-0 fusion_builder_column_1_2 1_2 fusion-flex-column\" style=\"--awb-bg-size:cover;--awb-width-large:50%;--awb-margin-top-large:20px;--awb-spacing-right-large:9.6%;--awb-margin-bottom-large:20px;--awb-spacing-left-large:9.6%;--awb-width-medium:50%;--awb-order-medium:3;--awb-spacing-right-medium:3.84%;--awb-spacing-left-medium:3.84%;--awb-width-small:100%;--awb-order-small:0;--awb-spacing-right-small:1.92%;--awb-spacing-left-small:1.92%;\"><div class=\"fusion-column-wrapper fusion-column-has-shadow fusion-flex-justify-content-flex-start fusion-content-layout-column\"><div class=\"fusion-image-element \" style=\"--awb-caption-title-font-family:var(--h2_typography-font-family);--awb-caption-title-font-weight:var(--h2_typography-font-weight);--awb-caption-title-font-style:var(--h2_typography-font-style);--awb-caption-title-size:var(--h2_typography-font-size);--awb-caption-title-transform:var(--h2_typography-text-transform);--awb-caption-title-line-height:var(--h2_typography-line-height);--awb-caption-title-letter-spacing:var(--h2_typography-letter-spacing);\"><span class=\" fusion-imageframe imageframe-none imageframe-1 hover-type-none\" style=\"border-radius:8px;\"><img decoding=\"async\" width=\"1081\" height=\"1009\" alt=\"We equip marketing leaders\" title=\"Equip leaders from strate\" src=\"data:image\/svg+xml,%3Csvg%20xmlns%3D%27http%3A%2F%2Fwww.w3.org%2F2000%2Fsvg%27%20width%3D%271081%27%20height%3D%271009%27%20viewBox%3D%270%200%201081%201009%27%3E%3Crect%20width%3D%271081%27%20height%3D%271009%27%20fill-opacity%3D%220%22%2F%3E%3C%2Fsvg%3E\" data-orig-src=\"https:\/\/technoriumhome.com\/wp-content\/uploads\/2020\/07\/equip-leaders-from-strategy.png\" class=\"lazyload img-responsive wp-image-1228\"\/><\/span><\/div><\/div><\/div><div class=\"fusion-layout-column fusion_builder_column fusion-builder-column-1 fusion_builder_column_1_2 1_2 fusion-flex-column fusion-animated\" style=\"--awb-bg-size:cover;--awb-width-large:50%;--awb-margin-top-large:20px;--awb-spacing-right-large:9.6%;--awb-margin-bottom-large:20px;--awb-spacing-left-large:9.6%;--awb-width-medium:50%;--awb-order-medium:4;--awb-spacing-right-medium:3.84%;--awb-spacing-left-medium:3.84%;--awb-width-small:100%;--awb-spacing-right-small:1.92%;--awb-spacing-left-small:1.92%;\" data-animationType=\"fadeInDown\" data-animationDuration=\"1.6\" data-animationOffset=\"top-into-view\"><div class=\"fusion-column-wrapper fusion-column-has-shadow fusion-flex-justify-content-flex-start fusion-content-layout-column\"><div class=\"fusion-text fusion-text-1\" style=\"--awb-text-transform:none;\"><p>Como TANQFACTORY, tenemos un entendimiento que tiene como objetivo la cooperaci\u00f3n a largo plazo con nuestros empleados. En el marco de este entendimiento, trabajamos con compa\u00f1eros confiables, honestos, propensos al trabajo en equipo, abiertos al desarrollo y al cambio, que pueden tomar y usar la iniciativa, que adoptan el trabajo orientado al cliente como principio, que pueden representar a nuestra empresa en la plataforma de servicio acorde con nuestra visi\u00f3n y misi\u00f3n, y con amigos que puedan acompa\u00f1arnos con las mismas caracter\u00edsticas Estamos en la meta de crecimiento.<\/p>\n<p>Trabajar con esp\u00edritu de equipo hacia la rentabilidad de la instituci\u00f3n, como los due\u00f1os de la empresa, ofrece las m\u00e1s amplias oportunidades a su personal que quiere adquirir experiencia, con un estilo que aumenta la autoconfianza personal, motiva el desarrollo y fomenta el aprendizaje.<\/p>\n<p>La planificaci\u00f3n de carrera se realiza con los resultados de las mediciones de desempe\u00f1o realizadas en determinados momentos y en base a ciertos criterios de nuestros amigos que tienen nuestros principios y valores de trabajo.<\/p>\n<p>Puede enviar sus CV a info@kress.com.tr para sus solicitudes de empleo a nuestra instituci\u00f3n. Sus aplicaciones se mantienen confidenciales en el grupo de recursos humanos con el fin de ser evaluadas actualizadas.<\/p>\n<\/div><\/div><\/div><\/div><\/div>\n","protected":false},"excerpt":{"rendered":"","protected":false},"author":1,"featured_media":0,"parent":0,"menu_order":50,"comment_status":"closed","ping_status":"closed","template":"100-width.php","meta":{"footnotes":""},"class_list":["post-3714","page","type-page","status-publish","hentry"],"yoast_head":"<!-- This site is optimized with the Yoast SEO plugin v27.4 - https:\/\/yoast.com\/product\/yoast-seo-wordpress\/ -->\n<title>HR - TANQ FACTORY<\/title>\n<meta name=\"robots\" content=\"index, follow, max-snippet:-1, max-image-preview:large, max-video-preview:-1\" \/>\n<link rel=\"canonical\" href=\"https:\/\/tanqfactory.com\/es\/hr\/\" \/>\n<meta property=\"og:locale\" content=\"es_ES\" \/>\n<meta property=\"og:type\" content=\"article\" \/>\n<meta property=\"og:title\" content=\"HR - TANQ FACTORY\" \/>\n<meta property=\"og:url\" content=\"https:\/\/tanqfactory.com\/es\/hr\/\" \/>\n<meta property=\"og:site_name\" content=\"TANQ FACTORY\" \/>\n<meta property=\"article:modified_time\" content=\"2021-11-21T09:12:40+00:00\" \/>\n<meta name=\"twitter:card\" content=\"summary_large_image\" \/>\n<meta name=\"twitter:label1\" content=\"Tiempo de lectura\" \/>\n\t<meta name=\"twitter:data1\" content=\"5 minutos\" \/>\n<script type=\"application\/ld+json\" class=\"yoast-schema-graph\">{\"@context\":\"https:\\\/\\\/schema.org\",\"@graph\":[{\"@type\":\"WebPage\",\"@id\":\"https:\\\/\\\/tanqfactory.com\\\/es\\\/hr\\\/\",\"url\":\"https:\\\/\\\/tanqfactory.com\\\/es\\\/hr\\\/\",\"name\":\"HR - TANQ FACTORY\",\"isPartOf\":{\"@id\":\"https:\\\/\\\/tanqfactory.com\\\/en\\\/#website\"},\"datePublished\":\"2020-06-22T16:59:48+00:00\",\"dateModified\":\"2021-11-21T09:12:40+00:00\",\"breadcrumb\":{\"@id\":\"https:\\\/\\\/tanqfactory.com\\\/es\\\/hr\\\/#breadcrumb\"},\"inLanguage\":\"es\",\"potentialAction\":[{\"@type\":\"ReadAction\",\"target\":[\"https:\\\/\\\/tanqfactory.com\\\/es\\\/hr\\\/\"]}]},{\"@type\":\"BreadcrumbList\",\"@id\":\"https:\\\/\\\/tanqfactory.com\\\/es\\\/hr\\\/#breadcrumb\",\"itemListElement\":[{\"@type\":\"ListItem\",\"position\":1,\"name\":\"Anasayfa\",\"item\":\"https:\\\/\\\/tanqfactory.com\\\/es\\\/\"},{\"@type\":\"ListItem\",\"position\":2,\"name\":\"HR\"}]},{\"@type\":\"WebSite\",\"@id\":\"https:\\\/\\\/tanqfactory.com\\\/en\\\/#website\",\"url\":\"https:\\\/\\\/tanqfactory.com\\\/en\\\/\",\"name\":\"TANQ FACTORY\",\"description\":\"EV ALETLER\u0130\",\"potentialAction\":[{\"@type\":\"SearchAction\",\"target\":{\"@type\":\"EntryPoint\",\"urlTemplate\":\"https:\\\/\\\/tanqfactory.com\\\/en\\\/?s={search_term_string}\"},\"query-input\":{\"@type\":\"PropertyValueSpecification\",\"valueRequired\":true,\"valueName\":\"search_term_string\"}}],\"inLanguage\":\"es\"}]}<\/script>\n<!-- \/ Yoast SEO plugin. -->","yoast_head_json":{"title":"HR - TANQ FACTORY","robots":{"index":"index","follow":"follow","max-snippet":"max-snippet:-1","max-image-preview":"max-image-preview:large","max-video-preview":"max-video-preview:-1"},"canonical":"https:\/\/tanqfactory.com\/es\/hr\/","og_locale":"es_ES","og_type":"article","og_title":"HR - TANQ FACTORY","og_url":"https:\/\/tanqfactory.com\/es\/hr\/","og_site_name":"TANQ FACTORY","article_modified_time":"2021-11-21T09:12:40+00:00","twitter_card":"summary_large_image","twitter_misc":{"Tiempo de lectura":"5 minutos"},"schema":{"@context":"https:\/\/schema.org","@graph":[{"@type":"WebPage","@id":"https:\/\/tanqfactory.com\/es\/hr\/","url":"https:\/\/tanqfactory.com\/es\/hr\/","name":"HR - TANQ FACTORY","isPartOf":{"@id":"https:\/\/tanqfactory.com\/en\/#website"},"datePublished":"2020-06-22T16:59:48+00:00","dateModified":"2021-11-21T09:12:40+00:00","breadcrumb":{"@id":"https:\/\/tanqfactory.com\/es\/hr\/#breadcrumb"},"inLanguage":"es","potentialAction":[{"@type":"ReadAction","target":["https:\/\/tanqfactory.com\/es\/hr\/"]}]},{"@type":"BreadcrumbList","@id":"https:\/\/tanqfactory.com\/es\/hr\/#breadcrumb","itemListElement":[{"@type":"ListItem","position":1,"name":"Anasayfa","item":"https:\/\/tanqfactory.com\/es\/"},{"@type":"ListItem","position":2,"name":"HR"}]},{"@type":"WebSite","@id":"https:\/\/tanqfactory.com\/en\/#website","url":"https:\/\/tanqfactory.com\/en\/","name":"TANQ FACTORY","description":"EV ALETLER\u0130","potentialAction":[{"@type":"SearchAction","target":{"@type":"EntryPoint","urlTemplate":"https:\/\/tanqfactory.com\/en\/?s={search_term_string}"},"query-input":{"@type":"PropertyValueSpecification","valueRequired":true,"valueName":"search_term_string"}}],"inLanguage":"es"}]}},"_links":{"self":[{"href":"https:\/\/tanqfactory.com\/es\/wp-json\/wp\/v2\/pages\/3714","targetHints":{"allow":["GET"]}}],"collection":[{"href":"https:\/\/tanqfactory.com\/es\/wp-json\/wp\/v2\/pages"}],"about":[{"href":"https:\/\/tanqfactory.com\/es\/wp-json\/wp\/v2\/types\/page"}],"author":[{"embeddable":true,"href":"https:\/\/tanqfactory.com\/es\/wp-json\/wp\/v2\/users\/1"}],"replies":[{"embeddable":true,"href":"https:\/\/tanqfactory.com\/es\/wp-json\/wp\/v2\/comments?post=3714"}],"version-history":[{"count":3,"href":"https:\/\/tanqfactory.com\/es\/wp-json\/wp\/v2\/pages\/3714\/revisions"}],"predecessor-version":[{"id":3717,"href":"https:\/\/tanqfactory.com\/es\/wp-json\/wp\/v2\/pages\/3714\/revisions\/3717"}],"wp:attachment":[{"href":"https:\/\/tanqfactory.com\/es\/wp-json\/wp\/v2\/media?parent=3714"}],"curies":[{"name":"wp","href":"https:\/\/api.w.org\/{rel}","templated":true}]}}