{"id":3694,"date":"2021-02-26T10:39:20","date_gmt":"2021-02-26T07:39:20","guid":{"rendered":"http:\/\/tanqfactory.com\/corporate\/dogaya-saygi\/"},"modified":"2021-11-21T12:11:20","modified_gmt":"2021-11-21T09:11:20","slug":"respeto-por-la-naturaleza","status":"publish","type":"page","link":"https:\/\/tanqfactory.com\/es\/corporativo\/respeto-por-la-naturaleza\/","title":{"rendered":"Respeto por la naturaleza"},"content":{"rendered":"<p><div class=\"fusion-fullwidth fullwidth-box fusion-builder-row-1 fusion-flex-container nonhundred-percent-fullwidth non-hundred-percent-height-scrolling\" style=\"--awb-border-radius-top-left:0px;--awb-border-radius-top-right:0px;--awb-border-radius-bottom-right:0px;--awb-border-radius-bottom-left:0px;--awb-background-color:#114394;--awb-flex-wrap:wrap;\" ><div class=\"fusion-builder-row fusion-row fusion-flex-align-items-flex-start fusion-flex-content-wrap\" style=\"max-width:1372.8px;margin-left: calc(-4% \/ 2 );margin-right: calc(-4% \/ 2 );\"><div class=\"fusion-layout-column fusion_builder_column fusion-builder-column-0 fusion_builder_column_1_1 1_1 fusion-flex-column\" style=\"--awb-bg-size:cover;--awb-width-large:100%;--awb-margin-top-large:20px;--awb-spacing-right-large:1.92%;--awb-margin-bottom-large:20px;--awb-spacing-left-large:1.92%;--awb-width-medium:100%;--awb-order-medium:0;--awb-spacing-right-medium:1.92%;--awb-spacing-left-medium:1.92%;--awb-width-small:100%;--awb-order-small:0;--awb-spacing-right-small:1.92%;--awb-spacing-left-small:1.92%;\"><div class=\"fusion-column-wrapper fusion-column-has-shadow fusion-flex-justify-content-flex-start fusion-content-layout-column\"><div class=\"fusion-title title fusion-title-1 fusion-sep-none fusion-title-text fusion-title-size-two\" style=\"--awb-text-color:#ffffff;\"><h2 class=\"fusion-title-heading title-heading-left fusion-responsive-typography-calculated\" style=\"margin:0;--fontSize:54;line-height:1.14;\">Respeto por la naturaleza<\/h2><\/div><\/div><\/div><\/div><\/div><div class=\"fusion-fullwidth fullwidth-box fusion-builder-row-2 nonhundred-percent-fullwidth non-hundred-percent-height-scrolling fusion-equal-height-columns\" style=\"--awb-border-radius-top-left:0px;--awb-border-radius-top-right:0px;--awb-border-radius-bottom-right:0px;--awb-border-radius-bottom-left:0px;--awb-flex-wrap:wrap;\" ><div class=\"fusion-builder-row fusion-row\"><div class=\"fusion-layout-column fusion_builder_column fusion-builder-column-1 fusion_builder_column_2_3 2_3 fusion-two-third fusion-column-first\" style=\"--awb-bg-size:cover;width:66.666666666667%;width:calc(66.666666666667% - ( ( 4% ) * 0.66666666666667 ) );margin-right: 4%;\"><div class=\"fusion-column-wrapper fusion-column-has-shadow fusion-flex-column-wrapper-legacy\"><div class=\"fusion-column-content-centered\"><div class=\"fusion-column-content\"><div class=\"fusion-title title fusion-title-2 fusion-sep-none fusion-title-text fusion-title-size-three\"><h3 class=\"fusion-title-heading title-heading-left fusion-responsive-typography-calculated\" style=\"margin:0;--fontSize:32;line-height:1.26;\">Pol\u00edtica ambiental en la fase de producci\u00f3n<\/h3><\/div><div class=\"fusion-text fusion-text-1\" style=\"--awb-text-transform:none;\"><p>Tanqfactory se ha centrado en su pol\u00edtica de producci\u00f3n limpia. En este contexto, adopta pol\u00edticas ambientalistas en muchos puntos, desde el suministro de materias primas hasta el reciclaje y las emisiones de gases de efecto invernadero, y otorga importancia a estas pol\u00edticas.<\/p>\n<p>Los gases de efecto invernadero se refieren a compuestos gaseosos en la atm\u00f3sfera que tienen la propiedad de retener el calor. Los gases de efecto invernadero son causados \u200b\u200bprincipalmente por el uso de combustibles f\u00f3siles. Como Tanqfactory, la energ\u00eda el\u00e9ctrica y el gas natural se utilizan en las etapas de producci\u00f3n de nuestras instalaciones.<\/p>\n<p>Los desechos en la fase de producci\u00f3n se recogen de la fuente y se reciclan. Nuestro potencial de sensibilidad se lleva a cabo capacitando constantemente a nuestro personal en conciencia ambiental. Tiene como objetivo organizar peri\u00f3dicamente capacitaciones de sensibilizaci\u00f3n ambiental y aumentar la permanencia de la educaci\u00f3n mediante la realizaci\u00f3n de pr\u00e1cticas presenciales. Con las capacitaciones impartidas hasta ahora, no se han producido accidentes ambientales en las instalaciones de Tanqfactory kayseri.<\/p>\n<\/div><div class=\"fusion-title title fusion-title-3 fusion-sep-none fusion-title-text fusion-title-size-three\"><h3 class=\"fusion-title-heading title-heading-left fusion-responsive-typography-calculated\" style=\"margin:0;--fontSize:32;line-height:1.26;\">Enfoque medioambiental para productos dise\u00f1ados<\/h3><\/div><div class=\"fusion-text fusion-text-2\" style=\"--awb-text-transform:none;\"><p style=\"text-align: justify;\">Con el uso eficiente de los recursos naturales y el uso de tecnolog\u00edas que permitan actividades productivas m\u00e1s limpias y duraderas en las instalaciones de producci\u00f3n de Tanqfactory, se busca lograr un \u00abequilibrio sostenible\u00bb. A la luz de este objetivo, nuestro primer objetivo es dise\u00f1ar productos que sean beneficiosos para las crisis del cambio clim\u00e1tico, la naturaleza y la econom\u00eda. Tiene como objetivo liderar el sector especialmente en eficiencia energ\u00e9tica y modo eco en productos el\u00e9ctricos.<\/p>\n<\/div><\/div><\/div><div class=\"fusion-clearfix\"><\/div><\/div><\/div><div class=\"fusion-layout-column fusion_builder_column fusion-builder-column-2 fusion_builder_column_1_3 1_3 fusion-one-third fusion-column-last\" style=\"--awb-bg-size:cover;width:33.333333333333%;width:calc(33.333333333333% - ( ( 4% ) * 0.33333333333333 ) );\"><div class=\"fusion-column-wrapper fusion-column-has-shadow fusion-flex-column-wrapper-legacy\"><div class=\"fusion-column-content-centered\"><div class=\"fusion-column-content\"><div class=\"fusion-image-element in-legacy-container\" style=\"--awb-caption-title-font-family:var(--h2_typography-font-family);--awb-caption-title-font-weight:var(--h2_typography-font-weight);--awb-caption-title-font-style:var(--h2_typography-font-style);--awb-caption-title-size:var(--h2_typography-font-size);--awb-caption-title-transform:var(--h2_typography-text-transform);--awb-caption-title-line-height:var(--h2_typography-line-height);--awb-caption-title-letter-spacing:var(--h2_typography-letter-spacing);\"><span class=\" fusion-imageframe imageframe-none imageframe-1 hover-type-none\" style=\"border-radius:8px;\"><img decoding=\"async\" width=\"400\" height=\"900\" title=\"cevreye-saygi\" src=\"https:\/\/tanqfactory.com\/wp-content\/uploads\/2021\/03\/cevreye-saygi.jpg\" data-orig-src=\"http:\/\/tanqfactory.com\/wp-content\/uploads\/2021\/03\/cevreye-saygi.jpg\" alt class=\"lazyload img-responsive wp-image-3695\" srcset=\"data:image\/svg+xml,%3Csvg%20xmlns%3D%27http%3A%2F%2Fwww.w3.org%2F2000%2Fsvg%27%20width%3D%27400%27%20height%3D%27900%27%20viewBox%3D%270%200%20400%20900%27%3E%3Crect%20width%3D%27400%27%20height%3D%27900%27%20fill-opacity%3D%220%22%2F%3E%3C%2Fsvg%3E\" data-srcset=\"https:\/\/tanqfactory.com\/wp-content\/uploads\/2021\/03\/cevreye-saygi-200x450.jpg 200w, https:\/\/tanqfactory.com\/wp-content\/uploads\/2021\/03\/cevreye-saygi.jpg 400w\" data-sizes=\"auto\" data-orig-sizes=\"(max-width: 1024px) 100vw, 400px\" \/><\/span><\/div><\/div><\/div><div class=\"fusion-clearfix\"><\/div><\/div><\/div><\/div><\/div><div class=\"fusion-fullwidth fullwidth-box fusion-builder-row-3 fusion-flex-container nonhundred-percent-fullwidth non-hundred-percent-height-scrolling\" style=\"--link_hover_color: rgba(255,255,255,0.9);--link_color: #ffffff;--awb-border-radius-top-left:0px;--awb-border-radius-top-right:0px;--awb-border-radius-bottom-right:0px;--awb-border-radius-bottom-left:0px;--awb-padding-top:4%;--awb-padding-bottom:4%;--awb-padding-bottom-medium:30px;--awb-background-color:#114394;--awb-flex-wrap:wrap;\" ><div class=\"fusion-builder-row fusion-row fusion-flex-align-items-center fusion-flex-content-wrap\" style=\"max-width:1372.8px;margin-left: calc(-4% \/ 2 );margin-right: calc(-4% \/ 2 );\"><div class=\"fusion-layout-column fusion_builder_column fusion-builder-column-3 fusion_builder_column_1_1 1_1 fusion-flex-column\" style=\"--awb-bg-size:cover;--awb-width-large:100%;--awb-margin-top-large:20px;--awb-spacing-right-large:1.92%;--awb-margin-bottom-large:20px;--awb-spacing-left-large:1.92%;--awb-width-medium:100%;--awb-spacing-right-medium:1.92%;--awb-spacing-left-medium:1.92%;--awb-width-small:100%;--awb-order-small:0;--awb-spacing-right-small:1.92%;--awb-spacing-left-small:1.92%;\"><div class=\"fusion-column-wrapper fusion-column-has-shadow fusion-flex-justify-content-flex-start fusion-content-layout-column\"><div class=\"fusion-title title fusion-title-4 fusion-sep-none fusion-title-center fusion-title-text fusion-title-size-one fusion-animated\" style=\"--awb-text-color:#ffffff;--awb-margin-bottom:36px;--awb-margin-bottom-medium:30px;\" data-animationType=\"fadeInDown\" data-animationDuration=\"1.4\" data-animationOffset=\"top-into-view\"><h1 class=\"fusion-title-heading title-heading-center fusion-responsive-typography-calculated\" style=\"margin:0;--fontSize:72;line-height:1.12;\">Para construir de alta calidad y alta producci\u00f3n<\/h1><\/div><div style=\"text-align:center;\"><a class=\"fusion-button button-flat fusion-button-default-size button-custom fusion-button-default button-1 fusion-button-default-span fusion-button-default-type fusion-animated\" style=\"--button_accent_color:#000000;--button_accent_hover_color:#ffffff;--button_border_hover_color:#ffffff;--button_border_width-top:2px;--button_border_width-right:2px;--button_border_width-bottom:2px;--button_border_width-left:2px;--button_gradient_top_color:#ffffff;--button_gradient_bottom_color:#ffffff;--button_gradient_top_color_hover:rgba(233,87,11,0);--button_gradient_bottom_color_hover:rgba(233,87,11,0);--button_margin-bottom:30px;\" data-animationType=\"fadeInLeft\" data-animationDuration=\"1.0\" data-animationOffset=\"top-into-view\" target=\"_self\" href=\"http:\/\/tanqfactory.com\/iletisim\/\"><span class=\"fusion-button-text awb-button__text awb-button__text--default\">P\u00d3NGASE EN CONTACTO CON NOSOTROS<\/span><\/a><\/div><div class=\"fusion-builder-row fusion-builder-row-inner fusion-row fusion-flex-align-items-center fusion-flex-content-wrap\" style=\"width:104% !important;max-width:104% !important;margin-left: calc(-4% \/ 2 );margin-right: calc(-4% \/ 2 );\"><div class=\"fusion-layout-column fusion_builder_column_inner fusion-builder-nested-column-0 fusion_builder_column_inner_1_2 1_2 fusion-flex-column\" style=\"--awb-bg-size:cover;--awb-width-large:50%;--awb-margin-top-large:20px;--awb-spacing-right-large:3.84%;--awb-margin-bottom-large:20px;--awb-spacing-left-large:3.84%;--awb-width-medium:50%;--awb-order-medium:0;--awb-spacing-right-medium:3.84%;--awb-spacing-left-medium:3.84%;--awb-width-small:100%;--awb-order-small:0;--awb-margin-top-small:0px;--awb-spacing-right-small:1.92%;--awb-margin-bottom-small:0px;--awb-spacing-left-small:1.92%;\"><div class=\"fusion-column-wrapper fusion-column-has-shadow fusion-flex-justify-content-flex-start fusion-content-layout-column\"><div class=\"fusion-text fusion-text-3 sm-text-align-center fusion-animated\" style=\"--awb-content-alignment:right;--awb-font-size:30px;--awb-line-height:1.4em;--awb-letter-spacing:-0.01em;--awb-text-transform:none;--awb-text-color:#ffffff;--awb-text-font-family:&quot;DM Sans&quot;;--awb-text-font-style:normal;--awb-text-font-weight:400;\" data-animationType=\"fadeInLeft\" data-animationDuration=\"1.0\" data-animationOffset=\"top-into-view\"><p><a href=\"mailto:info@teknoryum.net\">info@kress.com.tr<\/a><\/p>\n<\/div><\/div><\/div><div class=\"fusion-layout-column fusion_builder_column_inner fusion-builder-nested-column-1 fusion_builder_column_inner_1_2 1_2 fusion-flex-column\" style=\"--awb-bg-size:cover;--awb-width-large:50%;--awb-margin-top-large:20px;--awb-spacing-right-large:3.84%;--awb-margin-bottom-large:20px;--awb-spacing-left-large:3.84%;--awb-width-medium:50%;--awb-order-medium:0;--awb-spacing-right-medium:3.84%;--awb-spacing-left-medium:3.84%;--awb-width-small:100%;--awb-order-small:0;--awb-margin-top-small:0px;--awb-spacing-right-small:1.92%;--awb-margin-bottom-small:0px;--awb-spacing-left-small:1.92%;\"><div class=\"fusion-column-wrapper fusion-column-has-shadow fusion-flex-justify-content-flex-start fusion-content-layout-column\"><div class=\"fusion-text fusion-text-4 sm-text-align-center fusion-animated\" style=\"--awb-content-alignment:left;--awb-font-size:30px;--awb-line-height:1.4em;--awb-letter-spacing:-0.01em;--awb-text-transform:none;--awb-text-color:#ffffff;--awb-text-font-family:&quot;DM Sans&quot;;--awb-text-font-style:normal;--awb-text-font-weight:400;\" data-animationType=\"fadeInLeft\" data-animationDuration=\"1.0\" data-animationOffset=\"top-into-view\"><p>Ll\u00e1menos Al <a href=\"#\">(555) 802-1234<\/a><\/p>\n<\/div><\/div><\/div><\/div><\/div><\/div><\/div><\/div>\n<\/p>\n","protected":false},"excerpt":{"rendered":"","protected":false},"author":1,"featured_media":0,"parent":3566,"menu_order":70,"comment_status":"closed","ping_status":"closed","template":"100-width.php","meta":{"footnotes":""},"class_list":["post-3694","page","type-page","status-publish","hentry"],"yoast_head":"<!-- This site is optimized with the Yoast SEO plugin v27.4 - https:\/\/yoast.com\/product\/yoast-seo-wordpress\/ -->\n<title>Respeto por la naturaleza - TANQ FACTORY<\/title>\n<meta name=\"robots\" content=\"index, follow, max-snippet:-1, max-image-preview:large, max-video-preview:-1\" \/>\n<link rel=\"canonical\" href=\"https:\/\/tanqfactory.com\/es\/corporativo\/respeto-por-la-naturaleza\/\" \/>\n<meta property=\"og:locale\" content=\"es_ES\" \/>\n<meta property=\"og:type\" content=\"article\" \/>\n<meta property=\"og:title\" content=\"Respeto por la naturaleza - TANQ FACTORY\" \/>\n<meta property=\"og:url\" content=\"https:\/\/tanqfactory.com\/es\/corporativo\/respeto-por-la-naturaleza\/\" \/>\n<meta property=\"og:site_name\" content=\"TANQ FACTORY\" \/>\n<meta property=\"article:modified_time\" content=\"2021-11-21T09:11:20+00:00\" \/>\n<meta name=\"twitter:card\" content=\"summary_large_image\" \/>\n<meta name=\"twitter:label1\" content=\"Tiempo de lectura\" \/>\n\t<meta name=\"twitter:data1\" content=\"7 minutos\" \/>\n<script type=\"application\/ld+json\" class=\"yoast-schema-graph\">{\"@context\":\"https:\\\/\\\/schema.org\",\"@graph\":[{\"@type\":\"WebPage\",\"@id\":\"https:\\\/\\\/tanqfactory.com\\\/es\\\/corporativo\\\/respeto-por-la-naturaleza\\\/\",\"url\":\"https:\\\/\\\/tanqfactory.com\\\/es\\\/corporativo\\\/respeto-por-la-naturaleza\\\/\",\"name\":\"Respeto por la naturaleza - TANQ FACTORY\",\"isPartOf\":{\"@id\":\"https:\\\/\\\/tanqfactory.com\\\/en\\\/#website\"},\"datePublished\":\"2021-02-26T07:39:20+00:00\",\"dateModified\":\"2021-11-21T09:11:20+00:00\",\"breadcrumb\":{\"@id\":\"https:\\\/\\\/tanqfactory.com\\\/es\\\/corporativo\\\/respeto-por-la-naturaleza\\\/#breadcrumb\"},\"inLanguage\":\"es\",\"potentialAction\":[{\"@type\":\"ReadAction\",\"target\":[\"https:\\\/\\\/tanqfactory.com\\\/es\\\/corporativo\\\/respeto-por-la-naturaleza\\\/\"]}]},{\"@type\":\"BreadcrumbList\",\"@id\":\"https:\\\/\\\/tanqfactory.com\\\/es\\\/corporativo\\\/respeto-por-la-naturaleza\\\/#breadcrumb\",\"itemListElement\":[{\"@type\":\"ListItem\",\"position\":1,\"name\":\"Anasayfa\",\"item\":\"https:\\\/\\\/tanqfactory.com\\\/es\\\/\"},{\"@type\":\"ListItem\",\"position\":2,\"name\":\"Corporativo\",\"item\":\"https:\\\/\\\/tanqfactory.com\\\/es\\\/corporativo\\\/\"},{\"@type\":\"ListItem\",\"position\":3,\"name\":\"Respeto por la naturaleza\"}]},{\"@type\":\"WebSite\",\"@id\":\"https:\\\/\\\/tanqfactory.com\\\/en\\\/#website\",\"url\":\"https:\\\/\\\/tanqfactory.com\\\/en\\\/\",\"name\":\"TANQ FACTORY\",\"description\":\"EV ALETLER\u0130\",\"potentialAction\":[{\"@type\":\"SearchAction\",\"target\":{\"@type\":\"EntryPoint\",\"urlTemplate\":\"https:\\\/\\\/tanqfactory.com\\\/en\\\/?s={search_term_string}\"},\"query-input\":{\"@type\":\"PropertyValueSpecification\",\"valueRequired\":true,\"valueName\":\"search_term_string\"}}],\"inLanguage\":\"es\"}]}<\/script>\n<!-- \/ Yoast SEO plugin. -->","yoast_head_json":{"title":"Respeto por la naturaleza - TANQ FACTORY","robots":{"index":"index","follow":"follow","max-snippet":"max-snippet:-1","max-image-preview":"max-image-preview:large","max-video-preview":"max-video-preview:-1"},"canonical":"https:\/\/tanqfactory.com\/es\/corporativo\/respeto-por-la-naturaleza\/","og_locale":"es_ES","og_type":"article","og_title":"Respeto por la naturaleza - TANQ FACTORY","og_url":"https:\/\/tanqfactory.com\/es\/corporativo\/respeto-por-la-naturaleza\/","og_site_name":"TANQ FACTORY","article_modified_time":"2021-11-21T09:11:20+00:00","twitter_card":"summary_large_image","twitter_misc":{"Tiempo de lectura":"7 minutos"},"schema":{"@context":"https:\/\/schema.org","@graph":[{"@type":"WebPage","@id":"https:\/\/tanqfactory.com\/es\/corporativo\/respeto-por-la-naturaleza\/","url":"https:\/\/tanqfactory.com\/es\/corporativo\/respeto-por-la-naturaleza\/","name":"Respeto por la naturaleza - TANQ FACTORY","isPartOf":{"@id":"https:\/\/tanqfactory.com\/en\/#website"},"datePublished":"2021-02-26T07:39:20+00:00","dateModified":"2021-11-21T09:11:20+00:00","breadcrumb":{"@id":"https:\/\/tanqfactory.com\/es\/corporativo\/respeto-por-la-naturaleza\/#breadcrumb"},"inLanguage":"es","potentialAction":[{"@type":"ReadAction","target":["https:\/\/tanqfactory.com\/es\/corporativo\/respeto-por-la-naturaleza\/"]}]},{"@type":"BreadcrumbList","@id":"https:\/\/tanqfactory.com\/es\/corporativo\/respeto-por-la-naturaleza\/#breadcrumb","itemListElement":[{"@type":"ListItem","position":1,"name":"Anasayfa","item":"https:\/\/tanqfactory.com\/es\/"},{"@type":"ListItem","position":2,"name":"Corporativo","item":"https:\/\/tanqfactory.com\/es\/corporativo\/"},{"@type":"ListItem","position":3,"name":"Respeto por la naturaleza"}]},{"@type":"WebSite","@id":"https:\/\/tanqfactory.com\/en\/#website","url":"https:\/\/tanqfactory.com\/en\/","name":"TANQ FACTORY","description":"EV ALETLER\u0130","potentialAction":[{"@type":"SearchAction","target":{"@type":"EntryPoint","urlTemplate":"https:\/\/tanqfactory.com\/en\/?s={search_term_string}"},"query-input":{"@type":"PropertyValueSpecification","valueRequired":true,"valueName":"search_term_string"}}],"inLanguage":"es"}]}},"_links":{"self":[{"href":"https:\/\/tanqfactory.com\/es\/wp-json\/wp\/v2\/pages\/3694","targetHints":{"allow":["GET"]}}],"collection":[{"href":"https:\/\/tanqfactory.com\/es\/wp-json\/wp\/v2\/pages"}],"about":[{"href":"https:\/\/tanqfactory.com\/es\/wp-json\/wp\/v2\/types\/page"}],"author":[{"embeddable":true,"href":"https:\/\/tanqfactory.com\/es\/wp-json\/wp\/v2\/users\/1"}],"replies":[{"embeddable":true,"href":"https:\/\/tanqfactory.com\/es\/wp-json\/wp\/v2\/comments?post=3694"}],"version-history":[{"count":4,"href":"https:\/\/tanqfactory.com\/es\/wp-json\/wp\/v2\/pages\/3694\/revisions"}],"predecessor-version":[{"id":3806,"href":"https:\/\/tanqfactory.com\/es\/wp-json\/wp\/v2\/pages\/3694\/revisions\/3806"}],"up":[{"embeddable":true,"href":"https:\/\/tanqfactory.com\/es\/wp-json\/wp\/v2\/pages\/3566"}],"wp:attachment":[{"href":"https:\/\/tanqfactory.com\/es\/wp-json\/wp\/v2\/media?parent=3694"}],"curies":[{"name":"wp","href":"https:\/\/api.w.org\/{rel}","templated":true}]}}