{"id":3686,"date":"2021-02-26T10:38:15","date_gmt":"2021-02-26T07:38:15","guid":{"rendered":"http:\/\/tanqfactory.com\/corporate\/arge\/"},"modified":"2021-11-21T12:11:10","modified_gmt":"2021-11-21T09:11:10","slug":"r-d","status":"publish","type":"page","link":"https:\/\/tanqfactory.com\/es\/corporativo\/r-d\/","title":{"rendered":"R &#038; D"},"content":{"rendered":"<p><div class=\"fusion-fullwidth fullwidth-box fusion-builder-row-1 fusion-flex-container nonhundred-percent-fullwidth non-hundred-percent-height-scrolling\" style=\"--awb-border-radius-top-left:0px;--awb-border-radius-top-right:0px;--awb-border-radius-bottom-right:0px;--awb-border-radius-bottom-left:0px;--awb-background-color:#114394;--awb-flex-wrap:wrap;\" ><div class=\"fusion-builder-row fusion-row fusion-flex-align-items-flex-start fusion-flex-content-wrap\" style=\"max-width:1372.8px;margin-left: calc(-4% \/ 2 );margin-right: calc(-4% \/ 2 );\"><div class=\"fusion-layout-column fusion_builder_column fusion-builder-column-0 fusion_builder_column_1_1 1_1 fusion-flex-column\" style=\"--awb-bg-size:cover;--awb-width-large:100%;--awb-margin-top-large:20px;--awb-spacing-right-large:1.92%;--awb-margin-bottom-large:20px;--awb-spacing-left-large:1.92%;--awb-width-medium:100%;--awb-order-medium:0;--awb-spacing-right-medium:1.92%;--awb-spacing-left-medium:1.92%;--awb-width-small:100%;--awb-order-small:0;--awb-spacing-right-small:1.92%;--awb-spacing-left-small:1.92%;\"><div class=\"fusion-column-wrapper fusion-column-has-shadow fusion-flex-justify-content-flex-start fusion-content-layout-column\"><div class=\"fusion-title title fusion-title-1 fusion-sep-none fusion-title-text fusion-title-size-two\" style=\"--awb-text-color:#ffffff;\"><h2 class=\"fusion-title-heading title-heading-left fusion-responsive-typography-calculated\" style=\"margin:0;--fontSize:54;line-height:1.14;\">R &amp; D<\/h2><\/div><\/div><\/div><\/div><\/div><div class=\"fusion-fullwidth fullwidth-box fusion-builder-row-2 nonhundred-percent-fullwidth non-hundred-percent-height-scrolling fusion-equal-height-columns\" style=\"--awb-border-radius-top-left:0px;--awb-border-radius-top-right:0px;--awb-border-radius-bottom-right:0px;--awb-border-radius-bottom-left:0px;--awb-flex-wrap:wrap;\" ><div class=\"fusion-builder-row fusion-row\"><div class=\"fusion-layout-column fusion_builder_column fusion-builder-column-1 fusion_builder_column_1_1 1_1 fusion-one-full fusion-column-first fusion-column-last\" style=\"--awb-bg-size:cover;\"><div class=\"fusion-column-wrapper fusion-column-has-shadow fusion-flex-column-wrapper-legacy\"><div class=\"fusion-text fusion-text-1\" style=\"--awb-text-transform:none;\"><p style=\"text-align: center;\">El enfoque de R&amp;D de TanqFactory tiene dos etapas. El primero de ellos es la mejora de productos en la etapa de producci\u00f3n actual y el segundo es el desarrollo de nuevos productos.<\/p>\n<\/div><div class=\"fusion-clearfix\"><\/div><\/div><\/div><\/div><\/div><div class=\"fusion-fullwidth fullwidth-box fusion-builder-row-3 nonhundred-percent-fullwidth non-hundred-percent-height-scrolling fusion-equal-height-columns\" style=\"--awb-border-radius-top-left:0px;--awb-border-radius-top-right:0px;--awb-border-radius-bottom-right:0px;--awb-border-radius-bottom-left:0px;--awb-flex-wrap:wrap;\" ><div class=\"fusion-builder-row fusion-row\"><div class=\"fusion-layout-column fusion_builder_column fusion-builder-column-2 fusion_builder_column_2_3 2_3 fusion-two-third fusion-column-first\" style=\"--awb-bg-size:cover;width:66.666666666667%;width:calc(66.666666666667% - ( ( 4% ) * 0.66666666666667 ) );margin-right: 4%;\"><div class=\"fusion-column-wrapper fusion-column-has-shadow fusion-flex-column-wrapper-legacy\"><div class=\"fusion-column-content-centered\"><div class=\"fusion-column-content\"><div class=\"fusion-title title fusion-title-2 fusion-sep-none fusion-title-text fusion-title-size-three\"><h3 class=\"fusion-title-heading title-heading-left fusion-responsive-typography-calculated\" style=\"margin:0;--fontSize:32;line-height:1.26;\">Continuidad de la satisfacci\u00f3n del cliente, Renovaci\u00f3n continua<\/h3><\/div><div class=\"fusion-text fusion-text-2\" style=\"--awb-text-transform:none;\"><p style=\"text-align: justify;\">Tanqfactory tiene como objetivo proteger y mantener la confianza del consumidor en los productos que produce. Incluso si no existe una situaci\u00f3n que cause una p\u00e9rdida de confianza en los productos que produce al analizar los datos en su memoria corporativa, contin\u00faa desarroll\u00e1ndose. Las pruebas de rendimiento de los productos existentes se realizan a intervalos regulares, y lleva a cabo estudios continuos de actualizaci\u00f3n y eficiencia de los productos.<\/p>\n<\/div><div class=\"fusion-title title fusion-title-3 fusion-sep-none fusion-title-text fusion-title-size-three\"><h3 class=\"fusion-title-heading title-heading-left fusion-responsive-typography-calculated\" style=\"margin:0;--fontSize:32;line-height:1.26;\">Desarrollos de nuevos productos<\/h3><\/div><div class=\"fusion-text fusion-text-3\" style=\"--awb-text-transform:none;\"><p>Con la ventaja de ser un fabricante de nueva generaci\u00f3n, Teknoryum tomar\u00e1 los principios de la Industria 4.0 en los productos que desarrollar\u00e1 para ser pionero en la competencia internacional;<\/p>\n<ul>\n<li> Integraci\u00f3n horizontal y vertical (producci\u00f3n) <\/li>\n<li> Internet de las cosas (IoT) (producto) <\/li>\n<li> Productos de aprendizaje (producto) <\/li>\n<li> Big data y an\u00e1lisis de datos (producci\u00f3n, producto, cliente, consumidor, posventa) <\/li>\n<li> Realidad aumentada (posventa, consumidor) <\/li>\n<\/ul>\n<p>A la luz de sus principios, realiza estudios de desarrollo de nuevos productos que respetan la naturaleza y las crisis clim\u00e1ticas.<\/p>\n<\/div><\/div><\/div><div class=\"fusion-clearfix\"><\/div><\/div><\/div><div class=\"fusion-layout-column fusion_builder_column fusion-builder-column-3 fusion_builder_column_1_3 1_3 fusion-one-third fusion-column-last\" style=\"--awb-bg-size:cover;width:33.333333333333%;width:calc(33.333333333333% - ( ( 4% ) * 0.33333333333333 ) );\"><div class=\"fusion-column-wrapper fusion-column-has-shadow fusion-flex-column-wrapper-legacy\"><div class=\"fusion-column-content-centered\"><div class=\"fusion-column-content\"><div class=\"fusion-image-element in-legacy-container\" style=\"--awb-caption-title-font-family:var(--h2_typography-font-family);--awb-caption-title-font-weight:var(--h2_typography-font-weight);--awb-caption-title-font-style:var(--h2_typography-font-style);--awb-caption-title-size:var(--h2_typography-font-size);--awb-caption-title-transform:var(--h2_typography-text-transform);--awb-caption-title-line-height:var(--h2_typography-line-height);--awb-caption-title-letter-spacing:var(--h2_typography-letter-spacing);\"><span class=\" fusion-imageframe imageframe-none imageframe-1 hover-type-none\" style=\"border-radius:8px;\"><img decoding=\"async\" width=\"422\" height=\"640\" title=\"ar-ge\" src=\"https:\/\/tanqfactory.com\/wp-content\/uploads\/2021\/03\/ar-ge.jpg\" data-orig-src=\"http:\/\/tanqfactory.com\/wp-content\/uploads\/2021\/03\/ar-ge.jpg\" alt class=\"lazyload img-responsive wp-image-3687\" srcset=\"data:image\/svg+xml,%3Csvg%20xmlns%3D%27http%3A%2F%2Fwww.w3.org%2F2000%2Fsvg%27%20width%3D%27422%27%20height%3D%27640%27%20viewBox%3D%270%200%20422%20640%27%3E%3Crect%20width%3D%27422%27%20height%3D%27640%27%20fill-opacity%3D%220%22%2F%3E%3C%2Fsvg%3E\" data-srcset=\"https:\/\/tanqfactory.com\/wp-content\/uploads\/2021\/03\/ar-ge-200x303.jpg 200w, https:\/\/tanqfactory.com\/wp-content\/uploads\/2021\/03\/ar-ge-400x607.jpg 400w, https:\/\/tanqfactory.com\/wp-content\/uploads\/2021\/03\/ar-ge.jpg 422w\" data-sizes=\"auto\" data-orig-sizes=\"(max-width: 1024px) 100vw, 422px\" \/><\/span><\/div><\/div><\/div><div class=\"fusion-clearfix\"><\/div><\/div><\/div><\/div><\/div><div class=\"fusion-fullwidth fullwidth-box fusion-builder-row-4 fusion-flex-container nonhundred-percent-fullwidth non-hundred-percent-height-scrolling\" style=\"--link_hover_color: rgba(255,255,255,0.9);--link_color: #ffffff;--awb-border-radius-top-left:0px;--awb-border-radius-top-right:0px;--awb-border-radius-bottom-right:0px;--awb-border-radius-bottom-left:0px;--awb-padding-top:4%;--awb-padding-bottom:4%;--awb-padding-bottom-medium:30px;--awb-background-color:#114394;--awb-flex-wrap:wrap;\" ><div class=\"fusion-builder-row fusion-row fusion-flex-align-items-center fusion-flex-content-wrap\" style=\"max-width:1372.8px;margin-left: calc(-4% \/ 2 );margin-right: calc(-4% \/ 2 );\"><div class=\"fusion-layout-column fusion_builder_column fusion-builder-column-4 fusion_builder_column_1_1 1_1 fusion-flex-column\" style=\"--awb-bg-size:cover;--awb-width-large:100%;--awb-margin-top-large:20px;--awb-spacing-right-large:1.92%;--awb-margin-bottom-large:20px;--awb-spacing-left-large:1.92%;--awb-width-medium:100%;--awb-spacing-right-medium:1.92%;--awb-spacing-left-medium:1.92%;--awb-width-small:100%;--awb-order-small:0;--awb-spacing-right-small:1.92%;--awb-spacing-left-small:1.92%;\"><div class=\"fusion-column-wrapper fusion-column-has-shadow fusion-flex-justify-content-flex-start fusion-content-layout-column\"><div class=\"fusion-title title fusion-title-4 fusion-sep-none fusion-title-center fusion-title-text fusion-title-size-one fusion-animated\" style=\"--awb-text-color:#ffffff;--awb-margin-bottom:36px;--awb-margin-bottom-medium:30px;\" data-animationType=\"fadeInDown\" data-animationDuration=\"1.4\" data-animationOffset=\"top-into-view\"><h1 class=\"fusion-title-heading title-heading-center fusion-responsive-typography-calculated\" style=\"margin:0;--fontSize:72;line-height:1.12;\">Para construir de alta calidad y alta producci\u00f3n<\/h1><\/div><div style=\"text-align:center;\"><a class=\"fusion-button button-flat fusion-button-default-size button-custom fusion-button-default button-1 fusion-button-default-span fusion-button-default-type fusion-animated\" style=\"--button_accent_color:#000000;--button_accent_hover_color:#ffffff;--button_border_hover_color:#ffffff;--button_border_width-top:2px;--button_border_width-right:2px;--button_border_width-bottom:2px;--button_border_width-left:2px;--button_gradient_top_color:#ffffff;--button_gradient_bottom_color:#ffffff;--button_gradient_top_color_hover:rgba(233,87,11,0);--button_gradient_bottom_color_hover:rgba(233,87,11,0);--button_margin-bottom:30px;\" data-animationType=\"fadeInLeft\" data-animationDuration=\"1.0\" data-animationOffset=\"top-into-view\" target=\"_self\" href=\"http:\/\/tanqfactory.com\/iletisim\/\"><span class=\"fusion-button-text awb-button__text awb-button__text--default\">P\u00d3NGASE EN CONTACTO CON NOSOTROS<\/span><\/a><\/div><div class=\"fusion-builder-row fusion-builder-row-inner fusion-row fusion-flex-align-items-center fusion-flex-content-wrap\" style=\"width:104% !important;max-width:104% !important;margin-left: calc(-4% \/ 2 );margin-right: calc(-4% \/ 2 );\"><div class=\"fusion-layout-column fusion_builder_column_inner fusion-builder-nested-column-0 fusion_builder_column_inner_1_2 1_2 fusion-flex-column\" style=\"--awb-bg-size:cover;--awb-width-large:50%;--awb-margin-top-large:20px;--awb-spacing-right-large:3.84%;--awb-margin-bottom-large:20px;--awb-spacing-left-large:3.84%;--awb-width-medium:50%;--awb-order-medium:0;--awb-spacing-right-medium:3.84%;--awb-spacing-left-medium:3.84%;--awb-width-small:100%;--awb-order-small:0;--awb-margin-top-small:0px;--awb-spacing-right-small:1.92%;--awb-margin-bottom-small:0px;--awb-spacing-left-small:1.92%;\"><div class=\"fusion-column-wrapper fusion-column-has-shadow fusion-flex-justify-content-flex-start fusion-content-layout-column\"><div class=\"fusion-text fusion-text-4 sm-text-align-center fusion-animated\" style=\"--awb-content-alignment:right;--awb-font-size:30px;--awb-line-height:1.4em;--awb-letter-spacing:-0.01em;--awb-text-transform:none;--awb-text-color:#ffffff;--awb-text-font-family:&quot;DM Sans&quot;;--awb-text-font-style:normal;--awb-text-font-weight:400;\" data-animationType=\"fadeInLeft\" data-animationDuration=\"1.0\" data-animationOffset=\"top-into-view\"><p><a href=\"mailto:info@teknoryum.net\">info@kress.com.tr<\/a><\/p>\n<\/div><\/div><\/div><div class=\"fusion-layout-column fusion_builder_column_inner fusion-builder-nested-column-1 fusion_builder_column_inner_1_2 1_2 fusion-flex-column\" style=\"--awb-bg-size:cover;--awb-width-large:50%;--awb-margin-top-large:20px;--awb-spacing-right-large:3.84%;--awb-margin-bottom-large:20px;--awb-spacing-left-large:3.84%;--awb-width-medium:50%;--awb-order-medium:0;--awb-spacing-right-medium:3.84%;--awb-spacing-left-medium:3.84%;--awb-width-small:100%;--awb-order-small:0;--awb-margin-top-small:0px;--awb-spacing-right-small:1.92%;--awb-margin-bottom-small:0px;--awb-spacing-left-small:1.92%;\"><div class=\"fusion-column-wrapper fusion-column-has-shadow fusion-flex-justify-content-flex-start fusion-content-layout-column\"><div class=\"fusion-text fusion-text-5 sm-text-align-center fusion-animated\" style=\"--awb-content-alignment:left;--awb-font-size:30px;--awb-line-height:1.4em;--awb-letter-spacing:-0.01em;--awb-text-transform:none;--awb-text-color:#ffffff;--awb-text-font-family:&quot;DM Sans&quot;;--awb-text-font-style:normal;--awb-text-font-weight:400;\" data-animationType=\"fadeInLeft\" data-animationDuration=\"1.0\" data-animationOffset=\"top-into-view\"><p>Ll\u00e1menos Al <a href=\"#\">(555) 802-1234<\/a><\/p>\n<\/div><\/div><\/div><\/div><\/div><\/div><\/div><\/div>\n<\/p>\n","protected":false},"excerpt":{"rendered":"","protected":false},"author":1,"featured_media":0,"parent":3566,"menu_order":40,"comment_status":"closed","ping_status":"closed","template":"100-width.php","meta":{"footnotes":""},"class_list":["post-3686","page","type-page","status-publish","hentry"],"yoast_head":"<!-- This site is optimized with the Yoast SEO plugin v27.4 - https:\/\/yoast.com\/product\/yoast-seo-wordpress\/ -->\n<title>R &amp; D - TANQ FACTORY<\/title>\n<meta name=\"robots\" content=\"index, follow, max-snippet:-1, max-image-preview:large, max-video-preview:-1\" \/>\n<link rel=\"canonical\" href=\"https:\/\/tanqfactory.com\/es\/corporativo\/r-d\/\" \/>\n<meta property=\"og:locale\" content=\"es_ES\" \/>\n<meta property=\"og:type\" content=\"article\" \/>\n<meta property=\"og:title\" content=\"R &amp; D - TANQ FACTORY\" \/>\n<meta property=\"og:url\" content=\"https:\/\/tanqfactory.com\/es\/corporativo\/r-d\/\" \/>\n<meta property=\"og:site_name\" content=\"TANQ FACTORY\" \/>\n<meta property=\"article:modified_time\" content=\"2021-11-21T09:11:10+00:00\" \/>\n<meta name=\"twitter:card\" content=\"summary_large_image\" \/>\n<meta name=\"twitter:label1\" content=\"Tiempo de lectura\" \/>\n\t<meta name=\"twitter:data1\" content=\"7 minutos\" \/>\n<script type=\"application\/ld+json\" class=\"yoast-schema-graph\">{\"@context\":\"https:\\\/\\\/schema.org\",\"@graph\":[{\"@type\":\"WebPage\",\"@id\":\"https:\\\/\\\/tanqfactory.com\\\/es\\\/corporativo\\\/r-d\\\/\",\"url\":\"https:\\\/\\\/tanqfactory.com\\\/es\\\/corporativo\\\/r-d\\\/\",\"name\":\"R & D - TANQ FACTORY\",\"isPartOf\":{\"@id\":\"https:\\\/\\\/tanqfactory.com\\\/en\\\/#website\"},\"datePublished\":\"2021-02-26T07:38:15+00:00\",\"dateModified\":\"2021-11-21T09:11:10+00:00\",\"breadcrumb\":{\"@id\":\"https:\\\/\\\/tanqfactory.com\\\/es\\\/corporativo\\\/r-d\\\/#breadcrumb\"},\"inLanguage\":\"es\",\"potentialAction\":[{\"@type\":\"ReadAction\",\"target\":[\"https:\\\/\\\/tanqfactory.com\\\/es\\\/corporativo\\\/r-d\\\/\"]}]},{\"@type\":\"BreadcrumbList\",\"@id\":\"https:\\\/\\\/tanqfactory.com\\\/es\\\/corporativo\\\/r-d\\\/#breadcrumb\",\"itemListElement\":[{\"@type\":\"ListItem\",\"position\":1,\"name\":\"Anasayfa\",\"item\":\"https:\\\/\\\/tanqfactory.com\\\/es\\\/\"},{\"@type\":\"ListItem\",\"position\":2,\"name\":\"Corporativo\",\"item\":\"https:\\\/\\\/tanqfactory.com\\\/es\\\/corporativo\\\/\"},{\"@type\":\"ListItem\",\"position\":3,\"name\":\"R &#038; D\"}]},{\"@type\":\"WebSite\",\"@id\":\"https:\\\/\\\/tanqfactory.com\\\/en\\\/#website\",\"url\":\"https:\\\/\\\/tanqfactory.com\\\/en\\\/\",\"name\":\"TANQ FACTORY\",\"description\":\"EV ALETLER\u0130\",\"potentialAction\":[{\"@type\":\"SearchAction\",\"target\":{\"@type\":\"EntryPoint\",\"urlTemplate\":\"https:\\\/\\\/tanqfactory.com\\\/en\\\/?s={search_term_string}\"},\"query-input\":{\"@type\":\"PropertyValueSpecification\",\"valueRequired\":true,\"valueName\":\"search_term_string\"}}],\"inLanguage\":\"es\"}]}<\/script>\n<!-- \/ Yoast SEO plugin. -->","yoast_head_json":{"title":"R & D - TANQ FACTORY","robots":{"index":"index","follow":"follow","max-snippet":"max-snippet:-1","max-image-preview":"max-image-preview:large","max-video-preview":"max-video-preview:-1"},"canonical":"https:\/\/tanqfactory.com\/es\/corporativo\/r-d\/","og_locale":"es_ES","og_type":"article","og_title":"R & D - TANQ FACTORY","og_url":"https:\/\/tanqfactory.com\/es\/corporativo\/r-d\/","og_site_name":"TANQ FACTORY","article_modified_time":"2021-11-21T09:11:10+00:00","twitter_card":"summary_large_image","twitter_misc":{"Tiempo de lectura":"7 minutos"},"schema":{"@context":"https:\/\/schema.org","@graph":[{"@type":"WebPage","@id":"https:\/\/tanqfactory.com\/es\/corporativo\/r-d\/","url":"https:\/\/tanqfactory.com\/es\/corporativo\/r-d\/","name":"R & D - TANQ FACTORY","isPartOf":{"@id":"https:\/\/tanqfactory.com\/en\/#website"},"datePublished":"2021-02-26T07:38:15+00:00","dateModified":"2021-11-21T09:11:10+00:00","breadcrumb":{"@id":"https:\/\/tanqfactory.com\/es\/corporativo\/r-d\/#breadcrumb"},"inLanguage":"es","potentialAction":[{"@type":"ReadAction","target":["https:\/\/tanqfactory.com\/es\/corporativo\/r-d\/"]}]},{"@type":"BreadcrumbList","@id":"https:\/\/tanqfactory.com\/es\/corporativo\/r-d\/#breadcrumb","itemListElement":[{"@type":"ListItem","position":1,"name":"Anasayfa","item":"https:\/\/tanqfactory.com\/es\/"},{"@type":"ListItem","position":2,"name":"Corporativo","item":"https:\/\/tanqfactory.com\/es\/corporativo\/"},{"@type":"ListItem","position":3,"name":"R &#038; D"}]},{"@type":"WebSite","@id":"https:\/\/tanqfactory.com\/en\/#website","url":"https:\/\/tanqfactory.com\/en\/","name":"TANQ FACTORY","description":"EV ALETLER\u0130","potentialAction":[{"@type":"SearchAction","target":{"@type":"EntryPoint","urlTemplate":"https:\/\/tanqfactory.com\/en\/?s={search_term_string}"},"query-input":{"@type":"PropertyValueSpecification","valueRequired":true,"valueName":"search_term_string"}}],"inLanguage":"es"}]}},"_links":{"self":[{"href":"https:\/\/tanqfactory.com\/es\/wp-json\/wp\/v2\/pages\/3686","targetHints":{"allow":["GET"]}}],"collection":[{"href":"https:\/\/tanqfactory.com\/es\/wp-json\/wp\/v2\/pages"}],"about":[{"href":"https:\/\/tanqfactory.com\/es\/wp-json\/wp\/v2\/types\/page"}],"author":[{"embeddable":true,"href":"https:\/\/tanqfactory.com\/es\/wp-json\/wp\/v2\/users\/1"}],"replies":[{"embeddable":true,"href":"https:\/\/tanqfactory.com\/es\/wp-json\/wp\/v2\/comments?post=3686"}],"version-history":[{"count":5,"href":"https:\/\/tanqfactory.com\/es\/wp-json\/wp\/v2\/pages\/3686\/revisions"}],"predecessor-version":[{"id":3692,"href":"https:\/\/tanqfactory.com\/es\/wp-json\/wp\/v2\/pages\/3686\/revisions\/3692"}],"up":[{"embeddable":true,"href":"https:\/\/tanqfactory.com\/es\/wp-json\/wp\/v2\/pages\/3566"}],"wp:attachment":[{"href":"https:\/\/tanqfactory.com\/es\/wp-json\/wp\/v2\/media?parent=3686"}],"curies":[{"name":"wp","href":"https:\/\/api.w.org\/{rel}","templated":true}]}}