{"id":3616,"date":"2021-02-26T10:37:36","date_gmt":"2021-02-26T07:37:36","guid":{"rendered":"http:\/\/tanqfactory.com\/vizyon-misyon\/"},"modified":"2021-11-21T12:10:50","modified_gmt":"2021-11-21T09:10:50","slug":"mision-vision","status":"publish","type":"page","link":"https:\/\/tanqfactory.com\/es\/corporativo\/mision-vision\/","title":{"rendered":"Misi\u00f3n vision"},"content":{"rendered":"<p><div class=\"fusion-fullwidth fullwidth-box fusion-builder-row-1 fusion-flex-container nonhundred-percent-fullwidth non-hundred-percent-height-scrolling\" style=\"--awb-border-radius-top-left:0px;--awb-border-radius-top-right:0px;--awb-border-radius-bottom-right:0px;--awb-border-radius-bottom-left:0px;--awb-flex-wrap:wrap;\" ><div class=\"fusion-builder-row fusion-row fusion-flex-align-items-flex-start fusion-flex-content-wrap\" style=\"max-width:1372.8px;margin-left: calc(-4% \/ 2 );margin-right: calc(-4% \/ 2 );\"><div class=\"fusion-layout-column fusion_builder_column fusion-builder-column-0 fusion_builder_column_1_2 1_2 fusion-flex-column\" style=\"--awb-bg-size:cover;--awb-width-large:50%;--awb-margin-top-large:20px;--awb-spacing-right-large:3.84%;--awb-margin-bottom-large:19px;--awb-spacing-left-large:3.84%;--awb-width-medium:50%;--awb-order-medium:0;--awb-spacing-right-medium:3.84%;--awb-spacing-left-medium:3.84%;--awb-width-small:100%;--awb-order-small:0;--awb-spacing-right-small:1.92%;--awb-spacing-left-small:1.92%;\"><div class=\"fusion-column-wrapper lazyload fusion-column-has-shadow fusion-flex-justify-content-flex-start fusion-content-layout-column fusion-empty-column-bg-image fusion-column-has-bg-image\" data-bg-url=\"http:\/\/tanqfactory.com\/wp-content\/uploads\/2021\/04\/VI\u0307ZYONMI\u0307SYON-2-1024x683.jpg\" data-bg=\"http:\/\/tanqfactory.com\/wp-content\/uploads\/2021\/04\/VI\u0307ZYONMI\u0307SYON-2-1024x683.jpg\"><img decoding=\"async\" class=\"fusion-empty-dims-img-placeholder fusion-no-large-visibility\" src=\"data:image\/gif;base64,R0lGODlhAQABAAAAACH5BAEKAAEALAAAAAABAAEAAAICTAEAOw==\"><\/div><\/div><div class=\"fusion-layout-column fusion_builder_column fusion-builder-column-1 fusion_builder_column_1_2 1_2 fusion-flex-column\" style=\"--awb-bg-size:cover;--awb-width-large:50%;--awb-margin-top-large:20px;--awb-spacing-right-large:3.84%;--awb-margin-bottom-large:20px;--awb-spacing-left-large:3.84%;--awb-width-medium:50%;--awb-order-medium:0;--awb-spacing-right-medium:3.84%;--awb-spacing-left-medium:3.84%;--awb-width-small:100%;--awb-order-small:0;--awb-spacing-right-small:1.92%;--awb-spacing-left-small:1.92%;\"><div class=\"fusion-column-wrapper fusion-column-has-shadow fusion-flex-justify-content-flex-start fusion-content-layout-column\"><div class=\"fusion-title title fusion-title-1 fusion-sep-none fusion-title-text fusion-title-size-one\"><h1 class=\"fusion-title-heading title-heading-left fusion-responsive-typography-calculated\" style=\"margin:0;--fontSize:72;line-height:1.12;\"><h1 class=\"title-heading-left fusion-responsive-typography-calculated\">Nuestra visi\u00f3n<\/h1><\/h1><\/div><div class=\"fusion-text fusion-text-1\" style=\"--awb-text-transform:none;\"><p>TanQ el l\u00edder en la industria, confiable, propio de la cultura de continuo desarrollo, aprobada en la vanguardia de la innovaci\u00f3n en el \u00e1mbito internacional con la memoria institucional de la que hace una diferencia es convertido en una electrodom\u00e9sticos y productos de l\u00ednea blanca fabricante.<\/p>\n<\/div><\/div><\/div><\/div><\/div><div class=\"fusion-fullwidth fullwidth-box fusion-builder-row-2 fusion-flex-container nonhundred-percent-fullwidth non-hundred-percent-height-scrolling\" style=\"--awb-border-radius-top-left:0px;--awb-border-radius-top-right:0px;--awb-border-radius-bottom-right:0px;--awb-border-radius-bottom-left:0px;--awb-flex-wrap:wrap;\" ><div class=\"fusion-builder-row fusion-row fusion-flex-align-items-flex-start fusion-flex-content-wrap\" style=\"max-width:1372.8px;margin-left: calc(-4% \/ 2 );margin-right: calc(-4% \/ 2 );\"><div class=\"fusion-layout-column fusion_builder_column fusion-builder-column-2 fusion_builder_column_1_2 1_2 fusion-flex-column\" style=\"--awb-bg-size:cover;--awb-width-large:50%;--awb-margin-top-large:20px;--awb-spacing-right-large:3.84%;--awb-margin-bottom-large:20px;--awb-spacing-left-large:3.84%;--awb-width-medium:50%;--awb-order-medium:0;--awb-spacing-right-medium:3.84%;--awb-spacing-left-medium:3.84%;--awb-width-small:100%;--awb-order-small:0;--awb-spacing-right-small:1.92%;--awb-spacing-left-small:1.92%;\"><div class=\"fusion-column-wrapper fusion-column-has-shadow fusion-flex-justify-content-flex-start fusion-content-layout-column\"><div class=\"fusion-title title fusion-title-2 fusion-sep-none fusion-title-text fusion-title-size-one\"><h1 class=\"fusion-title-heading title-heading-left fusion-responsive-typography-calculated\" style=\"margin:0;--fontSize:72;line-height:1.12;\"><h1 class=\"title-heading-left fusion-responsive-typography-calculated\">Nuestra misi\u00f3n<\/h1><\/h1><\/div><div class=\"fusion-text fusion-text-2\" style=\"--awb-text-transform:none;\"><p>Jugando un papel activo en el sector, el respeto por la naturaleza, con el objetivo de maximizar la eficiencia de la organizaci\u00f3n, continua en R&amp;D, adoptando el principio de la sostenibilidad y la calidad de normalizaci\u00f3n de s\u00ed mismo para adquirir cultura , trabajando constantemente para aumentar el valor que creamos para nuestros empleados, nuestros socios y usuarios finales tienen una organizaci\u00f3n que se esfuerzan por simplificar la vida de.<\/p>\n<\/div><\/div><\/div><div class=\"fusion-layout-column fusion_builder_column fusion-builder-column-3 fusion_builder_column_1_2 1_2 fusion-flex-column\" style=\"--awb-bg-size:cover;--awb-width-large:50%;--awb-margin-top-large:20px;--awb-spacing-right-large:3.84%;--awb-margin-bottom-large:20px;--awb-spacing-left-large:3.84%;--awb-width-medium:50%;--awb-order-medium:0;--awb-spacing-right-medium:3.84%;--awb-spacing-left-medium:3.84%;--awb-width-small:100%;--awb-order-small:0;--awb-spacing-right-small:1.92%;--awb-spacing-left-small:1.92%;\"><div class=\"fusion-column-wrapper lazyload fusion-column-has-shadow fusion-flex-justify-content-flex-start fusion-content-layout-column fusion-empty-column-bg-image fusion-column-has-bg-image\" data-bg-url=\"http:\/\/tanqfactory.com\/wp-content\/uploads\/2021\/04\/VIZYONMISYON-3-1024x576.jpg\" data-bg=\"http:\/\/tanqfactory.com\/wp-content\/uploads\/2021\/04\/VIZYONMISYON-3-1024x576.jpg\"><img decoding=\"async\" class=\"fusion-empty-dims-img-placeholder fusion-no-large-visibility\" src=\"data:image\/gif;base64,R0lGODlhAQABAAAAACH5BAEKAAEALAAAAAABAAEAAAICTAEAOw==\"><\/div><\/div><\/div><\/div><\/p>\n","protected":false},"excerpt":{"rendered":"","protected":false},"author":1,"featured_media":0,"parent":3566,"menu_order":20,"comment_status":"closed","ping_status":"closed","template":"","meta":{"footnotes":""},"class_list":["post-3616","page","type-page","status-publish","hentry"],"yoast_head":"<!-- This site is optimized with the Yoast SEO plugin v27.4 - https:\/\/yoast.com\/product\/yoast-seo-wordpress\/ -->\n<title>Misi\u00f3n vision - TANQ FACTORY<\/title>\n<meta name=\"robots\" content=\"index, follow, max-snippet:-1, max-image-preview:large, max-video-preview:-1\" \/>\n<link rel=\"canonical\" href=\"https:\/\/tanqfactory.com\/es\/corporativo\/mision-vision\/\" \/>\n<meta property=\"og:locale\" content=\"es_ES\" \/>\n<meta property=\"og:type\" content=\"article\" \/>\n<meta property=\"og:title\" content=\"Misi\u00f3n vision - TANQ FACTORY\" \/>\n<meta property=\"og:url\" content=\"https:\/\/tanqfactory.com\/es\/corporativo\/mision-vision\/\" \/>\n<meta property=\"og:site_name\" content=\"TANQ FACTORY\" \/>\n<meta property=\"article:modified_time\" content=\"2021-11-21T09:10:50+00:00\" \/>\n<meta name=\"twitter:card\" content=\"summary_large_image\" \/>\n<meta name=\"twitter:label1\" content=\"Tiempo de lectura\" \/>\n\t<meta name=\"twitter:data1\" content=\"4 minutos\" \/>\n<script type=\"application\/ld+json\" class=\"yoast-schema-graph\">{\"@context\":\"https:\\\/\\\/schema.org\",\"@graph\":[{\"@type\":\"WebPage\",\"@id\":\"https:\\\/\\\/tanqfactory.com\\\/es\\\/corporativo\\\/mision-vision\\\/\",\"url\":\"https:\\\/\\\/tanqfactory.com\\\/es\\\/corporativo\\\/mision-vision\\\/\",\"name\":\"Misi\u00f3n vision - TANQ FACTORY\",\"isPartOf\":{\"@id\":\"https:\\\/\\\/tanqfactory.com\\\/en\\\/#website\"},\"datePublished\":\"2021-02-26T07:37:36+00:00\",\"dateModified\":\"2021-11-21T09:10:50+00:00\",\"breadcrumb\":{\"@id\":\"https:\\\/\\\/tanqfactory.com\\\/es\\\/corporativo\\\/mision-vision\\\/#breadcrumb\"},\"inLanguage\":\"es\",\"potentialAction\":[{\"@type\":\"ReadAction\",\"target\":[\"https:\\\/\\\/tanqfactory.com\\\/es\\\/corporativo\\\/mision-vision\\\/\"]}]},{\"@type\":\"BreadcrumbList\",\"@id\":\"https:\\\/\\\/tanqfactory.com\\\/es\\\/corporativo\\\/mision-vision\\\/#breadcrumb\",\"itemListElement\":[{\"@type\":\"ListItem\",\"position\":1,\"name\":\"Anasayfa\",\"item\":\"https:\\\/\\\/tanqfactory.com\\\/es\\\/\"},{\"@type\":\"ListItem\",\"position\":2,\"name\":\"Corporativo\",\"item\":\"https:\\\/\\\/tanqfactory.com\\\/es\\\/corporativo\\\/\"},{\"@type\":\"ListItem\",\"position\":3,\"name\":\"Misi\u00f3n vision\"}]},{\"@type\":\"WebSite\",\"@id\":\"https:\\\/\\\/tanqfactory.com\\\/en\\\/#website\",\"url\":\"https:\\\/\\\/tanqfactory.com\\\/en\\\/\",\"name\":\"TANQ FACTORY\",\"description\":\"EV ALETLER\u0130\",\"potentialAction\":[{\"@type\":\"SearchAction\",\"target\":{\"@type\":\"EntryPoint\",\"urlTemplate\":\"https:\\\/\\\/tanqfactory.com\\\/en\\\/?s={search_term_string}\"},\"query-input\":{\"@type\":\"PropertyValueSpecification\",\"valueRequired\":true,\"valueName\":\"search_term_string\"}}],\"inLanguage\":\"es\"}]}<\/script>\n<!-- \/ Yoast SEO plugin. -->","yoast_head_json":{"title":"Misi\u00f3n vision - TANQ FACTORY","robots":{"index":"index","follow":"follow","max-snippet":"max-snippet:-1","max-image-preview":"max-image-preview:large","max-video-preview":"max-video-preview:-1"},"canonical":"https:\/\/tanqfactory.com\/es\/corporativo\/mision-vision\/","og_locale":"es_ES","og_type":"article","og_title":"Misi\u00f3n vision - TANQ FACTORY","og_url":"https:\/\/tanqfactory.com\/es\/corporativo\/mision-vision\/","og_site_name":"TANQ FACTORY","article_modified_time":"2021-11-21T09:10:50+00:00","twitter_card":"summary_large_image","twitter_misc":{"Tiempo de lectura":"4 minutos"},"schema":{"@context":"https:\/\/schema.org","@graph":[{"@type":"WebPage","@id":"https:\/\/tanqfactory.com\/es\/corporativo\/mision-vision\/","url":"https:\/\/tanqfactory.com\/es\/corporativo\/mision-vision\/","name":"Misi\u00f3n vision - TANQ FACTORY","isPartOf":{"@id":"https:\/\/tanqfactory.com\/en\/#website"},"datePublished":"2021-02-26T07:37:36+00:00","dateModified":"2021-11-21T09:10:50+00:00","breadcrumb":{"@id":"https:\/\/tanqfactory.com\/es\/corporativo\/mision-vision\/#breadcrumb"},"inLanguage":"es","potentialAction":[{"@type":"ReadAction","target":["https:\/\/tanqfactory.com\/es\/corporativo\/mision-vision\/"]}]},{"@type":"BreadcrumbList","@id":"https:\/\/tanqfactory.com\/es\/corporativo\/mision-vision\/#breadcrumb","itemListElement":[{"@type":"ListItem","position":1,"name":"Anasayfa","item":"https:\/\/tanqfactory.com\/es\/"},{"@type":"ListItem","position":2,"name":"Corporativo","item":"https:\/\/tanqfactory.com\/es\/corporativo\/"},{"@type":"ListItem","position":3,"name":"Misi\u00f3n vision"}]},{"@type":"WebSite","@id":"https:\/\/tanqfactory.com\/en\/#website","url":"https:\/\/tanqfactory.com\/en\/","name":"TANQ FACTORY","description":"EV ALETLER\u0130","potentialAction":[{"@type":"SearchAction","target":{"@type":"EntryPoint","urlTemplate":"https:\/\/tanqfactory.com\/en\/?s={search_term_string}"},"query-input":{"@type":"PropertyValueSpecification","valueRequired":true,"valueName":"search_term_string"}}],"inLanguage":"es"}]}},"_links":{"self":[{"href":"https:\/\/tanqfactory.com\/es\/wp-json\/wp\/v2\/pages\/3616","targetHints":{"allow":["GET"]}}],"collection":[{"href":"https:\/\/tanqfactory.com\/es\/wp-json\/wp\/v2\/pages"}],"about":[{"href":"https:\/\/tanqfactory.com\/es\/wp-json\/wp\/v2\/types\/page"}],"author":[{"embeddable":true,"href":"https:\/\/tanqfactory.com\/es\/wp-json\/wp\/v2\/users\/1"}],"replies":[{"embeddable":true,"href":"https:\/\/tanqfactory.com\/es\/wp-json\/wp\/v2\/comments?post=3616"}],"version-history":[{"count":6,"href":"https:\/\/tanqfactory.com\/es\/wp-json\/wp\/v2\/pages\/3616\/revisions"}],"predecessor-version":[{"id":3682,"href":"https:\/\/tanqfactory.com\/es\/wp-json\/wp\/v2\/pages\/3616\/revisions\/3682"}],"up":[{"embeddable":true,"href":"https:\/\/tanqfactory.com\/es\/wp-json\/wp\/v2\/pages\/3566"}],"wp:attachment":[{"href":"https:\/\/tanqfactory.com\/es\/wp-json\/wp\/v2\/media?parent=3616"}],"curies":[{"name":"wp","href":"https:\/\/api.w.org\/{rel}","templated":true}]}}